{"id":3,"date":"2024-02-19T12:00:28","date_gmt":"2024-02-19T11:00:28","guid":{"rendered":"http:\/\/innovate-assessment.org\/innovatenow\/?page_id=3"},"modified":"2024-03-15T13:22:56","modified_gmt":"2024-03-15T12:22:56","slug":"datenschutzerklaerung","status":"publish","type":"page","link":"https:\/\/innovate-assessment.org\/de\/datenschutzerklaerung\/","title":{"rendered":""},"content":{"rendered":"\t\t<div data-elementor-type=\"wp-page\" data-elementor-id=\"3\" class=\"elementor elementor-3\">\n\t\t\t\t<div class=\"elementor-element elementor-element-93de55d e-flex e-con-boxed wpr-particle-no wpr-jarallax-no wpr-parallax-no wpr-sticky-section-no e-con e-parent\" data-id=\"93de55d\" data-element_type=\"container\" data-core-v316-plus=\"true\">\n\t\t\t\t\t<div class=\"e-con-inner\">\n\t\t\t\t<div class=\"elementor-element elementor-element-cad17d5 elementor-widget elementor-widget-text-editor\" data-id=\"cad17d5\" data-element_type=\"widget\" data-widget_type=\"text-editor.default\">\n\t\t\t\t<div class=\"elementor-widget-container\">\n\t\t\t<style>\/*! elementor - v3.20.0 - 13-03-2024 *\/\n.elementor-widget-text-editor.elementor-drop-cap-view-stacked .elementor-drop-cap{background-color:#69727d;color:#fff}.elementor-widget-text-editor.elementor-drop-cap-view-framed .elementor-drop-cap{color:#69727d;border:3px solid;background-color:transparent}.elementor-widget-text-editor:not(.elementor-drop-cap-view-default) .elementor-drop-cap{margin-top:8px}.elementor-widget-text-editor:not(.elementor-drop-cap-view-default) .elementor-drop-cap-letter{width:1em;height:1em}.elementor-widget-text-editor .elementor-drop-cap{float:left;text-align:center;line-height:1;font-size:50px}.elementor-widget-text-editor .elementor-drop-cap-letter{display:inline-block}<\/style>\t\t\t\t<h2 class=\"headline headline--2\">Erkl\u00e4rung zum Datenschutz<\/h2><div class=\"bodytext\"><h2>\u00a0<\/h2><p><strong>Verantwortlicher f\u00fcr die Datenverarbeitung<\/strong><\/p><\/div><p>Verantwortlich im Sinne des Art 4 Abs 7 Datenschutz Grundverordnung (\u201e<strong>DSGVO<\/strong>\u201c) f\u00fcr die Verarbeitung Ihrer Daten ist:<\/p><p>Dr. Salomo Consult GmbH<\/p><p>Ahornallee 57<\/p><p>24161 Altenholz<\/p><p>E-Mail:\u00a0salomo(at)tu-berlin.de<\/p><p>Tel.:\u00a0+49 30 314-26090<\/p><div class=\"bodytext\"><p>Der Nutzung von im Rahmen der Impressumspflicht und der auf dieser Seite ver\u00f6ffentlichten Kontaktdaten durch Dritte zur \u00dcbersendung von nicht ausdr\u00fccklich angeforderter Werbung und Informationsmaterialien wird hiermit ausdr\u00fccklich widersprochen. Die Betreiber der Seiten behalten sich ausdr\u00fccklich rechtliche Schritte im Falle der unverlangten Zusendung von Werbeinformationen, etwa durch Spam-Mails, vor.<\/p><p>\u00a0<\/p><p><strong>Allgemeine Hinweise<\/strong><\/p><p>Damit Sie sich beim Besuch unserer Webseiten sicher und wohl f\u00fchlen, m\u00f6chten wir Sie nachfolgend \u00fcber den Umgang mit Ihren Daten informieren.<\/p><p>Wenn Sie diese Webseiten aufrufen werden Informationen hier\u00fcber gespeichert. Wir erfassen die Informationen, die Webbrowser, Mobilger\u00e4te und Server in der Regel \u00fcber die Besucher einer Website zur Verf\u00fcgung stellen, z. B. die IP-Adresse, den Browsertyp, das Datum und die Uhrzeit des Zugriffs. Der Webseiten Provider erhebt und speichert automatisch diese Informationen in so genannten Server-Log-Dateien. Die Erfassung dieser Daten erfolgt auf Grundlage von Art. 6 Abs. 1 lit. f DSGVO.\u00a0<\/p><p>Um Ihre \u00fcbermittelten Daten bestm\u00f6glich zu sch\u00fctzen, nutzen wir f\u00fcr jegliche \u00dcbertragung von Daten SSL-Verschl\u00fcsselung. Sie erkennen derart verschl\u00fcsselte Verbindungen an dem Pr\u00e4fix \u201chttps:\/\/\u201c im Seitenlink in der Adresszeile bzw. durch das gr\u00fcne\/geschlossene Schlosssymbol Ihres Browsers. Unverschl\u00fcsselte Seite sind durch \u201chttp:\/\/\u201c oder ein offenes bzw. rotes Schlosssymbol gekennzeichnet. S\u00e4mtliche Daten, welche Sie an diese Website \u00fcbermitteln \u2013 etwa bei Anfragen oder Logins \u2013 k\u00f6nnen dank SSL-Verschl\u00fcsselung nicht von Dritten gelesen werden.<\/p><p>\u00a0<\/p><\/div><p><strong>Webhosting<\/strong><\/p><p>Wir hosten unsere Website bei All-Inkl. Anbieter ist die ALL-INKL.COM &#8211; Neue Medien M\u00fcnnich, Inh. Ren\u00e9 M\u00fcnnich, Hauptstra\u00dfe 68, 02742 Friedersdorf (nachfolgend: All-Inkl). Details entnehmen Sie der Datenschutzerkl\u00e4rung von All-Inkl: <a href=\"https:\/\/all-inkl.com\/datenschutzinformationen\/\">https:\/\/all-inkl.com\/datenschutzinformationen\/<\/a><\/p><p>Die Verwendung von All-Inkl erfolgt auf Grundlage von Art. 6 Abs. 1 lit. f DSGVO. Wir haben einen Vertrag \u00fcber Auftragsverarbeitung mit All-Inkl geschlossen. Hierbei handelt es sich um einen datenschutzrechtlich vorgeschriebenen Vertrag, der gew\u00e4hrleistet, dass All-Inkl die personenbezogenen Daten unserer Websitebesucher nur nach unseren Weisungen und unter Einhaltung der DSGVO verarbeitet.<\/p><p>\u00a0<\/p><p><strong>Ihre Datenschutzrechte nach der DSGVO<\/strong><\/p><p>Als Nutzer dieser Website haben Sie gem\u00e4\u00df der Datenschutz-Grundverordnung (DSGVO) folgende Rechte bez\u00fcglich Ihrer pers\u00f6nlichen Daten:<\/p><p>Recht auf Auskunft (Artikel 15 DSGVO): Sie k\u00f6nnen eine Best\u00e4tigung dar\u00fcber einfordern, ob Ihre pers\u00f6nlichen Daten verarbeitet werden. Bei einer Verarbeitung haben Sie Anspruch auf Einsicht in diese Daten und weitere spezifische Informationen, wie in Artikel 15 DSGVO detailliert dargelegt.<\/p><p>Recht auf Berichtigung und L\u00f6schung (Artikel 16 und 17 DSGVO): Sie sind berechtigt, die umgehende Korrektur von fehlerhaften pers\u00f6nlichen Daten, die Sie betreffen, sowie die Erg\u00e4nzung von unvollst\u00e4ndigen Daten zu verlangen. Ferner k\u00f6nnen Sie die L\u00f6schung Ihrer pers\u00f6nlichen Daten verlangen, falls einer der spezifischen Gr\u00fcnde des Artikel 17 DSGVO vorliegt, etwa wenn die Daten f\u00fcr ihre urspr\u00fcnglichen Zwecke nicht mehr notwendig sind.<\/p><p>Recht auf Einschr\u00e4nkung der Verarbeitung (Artikel 18 DSGVO): Unter bestimmten Voraussetzungen, wie in Artikel 18 DSGVO beschrieben, steht Ihnen das Recht zu, eine Einschr\u00e4nkung der Datenverarbeitung zu beantragen, z.B. w\u00e4hrend der \u00dcberpr\u00fcfung eines Widerspruchs gegen die Verarbeitung.<\/p><p>Recht auf Daten\u00fcbertragbarkeit (Artikel 20 DSGVO): In bestimmten F\u00e4llen haben Sie das Recht, Ihre pers\u00f6nlichen Daten in einem strukturierten, allgemein verwendbaren und maschinenlesbaren Format zu erhalten oder deren \u00dcbermittlung an einen Dritten zu fordern, wie in Artikel 20 DSGVO pr\u00e4zisiert.<\/p><p>Widerspruchsrecht (Artikel 21 DSGVO): Falls Ihre Daten gem\u00e4\u00df Artikel 6 Absatz 1 Satz 1 Buchstabe f) DSGVO (Verarbeitung zur Wahrung berechtigter Interessen) erhoben werden, k\u00f6nnen Sie jederzeit aus pers\u00f6nlichen Gr\u00fcnden Widerspruch gegen die Verarbeitung einlegen. Ihre Daten werden dann nicht mehr verarbeitet, es sei denn, es bestehen nachweislich zwingende schutzw\u00fcrdige Gr\u00fcnde f\u00fcr die Verarbeitung, die Ihre Interessen, Rechte und Freiheiten \u00fcberwiegen, oder die Verarbeitung ist zur Durchsetzung, Aus\u00fcbung oder Verteidigung von Rechtsanspr\u00fcchen notwendig.<\/p><p>Beschwerderecht bei einer Aufsichtsbeh\u00f6rde (Artikel 77 DSGVO): Wenn Sie der Meinung sind, dass die Verarbeitung Ihrer pers\u00f6nlichen Daten gegen datenschutzrechtliche Vorschriften verst\u00f6\u00dft, haben Sie das Recht, sich bei einer Aufsichtsbeh\u00f6rde zu beschweren. Dieses Recht kann insbesondere in dem EU-Mitgliedstaat wahrgenommen werden, in dem Sie Ihren Wohnsitz, Ihren Arbeitsplatz haben oder an dem der mutma\u00dfliche Versto\u00df stattfand.<\/p><p>\u00a0<\/p><div class=\"bodytext\"><p><strong>Kontaktformular<\/strong><\/p><p>Zur Nutzung unseres Kontaktformulars ben\u00f6tigen wir Ihren Namen und Ihre E-Mail-Adresse. Weitere Angaben k\u00f6nnen Sie mitteilen, m\u00fcssen dies jedoch nicht. Ihre Daten verwenden wir f\u00fcr die Zusendung der verlangten Informationen.<\/p><p>\u00a0<\/p><p><strong>Cookies<\/strong><\/p><p>Unsere Internetseiten verwenden so genannte \u201eCookies\u201c. Cookies sind kleine Textdateien und richten auf Ihrem Endger\u00e4t keinen Schaden an. Sie werden entweder vor\u00fcbergehend f\u00fcr die Dauer einer Sitzung (Session-Cookies) oder dauerhaft (permanente Cookies) auf Ihrem Endger\u00e4t gespeichert. Session-Cookies werden nach Ende Ihres Besuchs automatisch gel\u00f6scht. Permanente Cookies bleiben auf Ihrem Endger\u00e4t gespeichert, bis Sie diese selbst l\u00f6schen oder eine automatische L\u00f6schung durch Ihren Webbrowser erfolgt.<\/p><p>Cookies haben verschiedene Funktionen. Zahlreiche Cookies sind technisch notwendig, da bestimmte Websitefunktionen ohne diese nicht funktionieren w\u00fcrden. Andere Cookies dienen dazu, das Nutzerverhalten auszuwerten oder Werbung anzuzeigen.<\/p><p>Cookies, die zur Durchf\u00fchrung des elektronischen Kommunikationsvorgangs (notwendige Cookies) oder zur Bereitstellung bestimmter, von Ihnen erw\u00fcnschter Funktionen (funktionale Cookies) oder zur Optimierung der Website erforderlich sind, werden auf Grundlage von Art. 6 Abs. 1 lit. f DSGVO gespeichert, sofern keine andere Rechtsgrundlage angegeben wird. Der Websitebetreiber hat ein berechtigtes Interesse an der Speicherung von Cookies zur technisch fehlerfreien und optimierten Bereitstellung seiner Dienste. Sofern eine Einwilligung zur Speicherung von Cookies abgefragt wurde, erfolgt die Speicherung der betreffenden Cookies ausschlie\u00dflich auf Grundlage dieser Einwilligung (Art. 6 Abs. 1 lit. a DSGVO); die Einwilligung ist jederzeit widerrufbar.<\/p><p>Sie k\u00f6nnen Ihren Browser so einstellen, dass Sie \u00fcber das Setzen von Cookies informiert werden und Cookies nur im Einzelfall erlauben, die Annahme von Cookies f\u00fcr bestimmte F\u00e4lle oder generell ausschlie\u00dfen sowie das automatische L\u00f6schen der Cookies beim Schlie\u00dfen des Browsers aktivieren. Bei der Deaktivierung von Cookies kann die Funktionalit\u00e4t dieser Website eingeschr\u00e4nkt sein.<\/p><p>Soweit Cookies von Drittunternehmen oder zu Analysezwecken eingesetzt werden, werden wir Sie hier\u00fcber im Rahmen dieser Datenschutzerkl\u00e4rung gesondert informieren und ggf. eine Einwilligung abfragen.\u00a0<\/p><\/div><p>\u00a0<\/p><p>\u00a0<\/p>\t\t\t\t\t\t<\/div>\n\t\t\t\t<\/div>\n\t\t\t\t\t<\/div>\n\t\t\t\t<\/div>\n\t\t\t\t<\/div>\n\t\t","protected":false},"excerpt":{"rendered":"<p>Erkl\u00e4rung zum Datenschutz \u00a0 Verantwortlicher f\u00fcr die Datenverarbeitung Verantwortlich im Sinne des Art 4 Abs 7 Datenschutz Grundverordnung (\u201eDSGVO\u201c) f\u00fcr die Verarbeitung Ihrer Daten ist: Dr. Salomo Consult GmbH Ahornallee 57 24161 Altenholz E-Mail:\u00a0salomo(at)tu-berlin.de Tel.:\u00a0+49 30 314-26090 Der Nutzung von im Rahmen der Impressumspflicht und der auf dieser Seite ver\u00f6ffentlichten Kontaktdaten durch Dritte zur \u00dcbersendung [&hellip;]<\/p>\n","protected":false},"author":1,"featured_media":0,"parent":0,"menu_order":0,"comment_status":"closed","ping_status":"open","template":"","meta":{"footnotes":""},"class_list":["post-3","page","type-page","status-publish","hentry"],"_links":{"self":[{"href":"https:\/\/innovate-assessment.org\/de\/wp-json\/wp\/v2\/pages\/3","targetHints":{"allow":["GET"]}}],"collection":[{"href":"https:\/\/innovate-assessment.org\/de\/wp-json\/wp\/v2\/pages"}],"about":[{"href":"https:\/\/innovate-assessment.org\/de\/wp-json\/wp\/v2\/types\/page"}],"author":[{"embeddable":true,"href":"https:\/\/innovate-assessment.org\/de\/wp-json\/wp\/v2\/users\/1"}],"replies":[{"embeddable":true,"href":"https:\/\/innovate-assessment.org\/de\/wp-json\/wp\/v2\/comments?post=3"}],"version-history":[{"count":10,"href":"https:\/\/innovate-assessment.org\/de\/wp-json\/wp\/v2\/pages\/3\/revisions"}],"predecessor-version":[{"id":2911,"href":"https:\/\/innovate-assessment.org\/de\/wp-json\/wp\/v2\/pages\/3\/revisions\/2911"}],"wp:attachment":[{"href":"https:\/\/innovate-assessment.org\/de\/wp-json\/wp\/v2\/media?parent=3"}],"curies":[{"name":"wp","href":"https:\/\/api.w.org\/{rel}","templated":true}]}}